{"id":1262,"date":"2024-11-04T14:46:26","date_gmt":"2024-11-04T14:46:26","guid":{"rendered":"https:\/\/carusocapital.pro\/documents"},"modified":"2025-01-31T08:56:50","modified_gmt":"2025-01-31T08:56:50","slug":"documents","status":"publish","type":"page","link":"https:\/\/carusocapital.pro\/fr\/documents","title":{"rendered":"Documents"},"content":{"rendered":"\t\t<div data-elementor-type=\"wp-page\" data-elementor-id=\"1262\" class=\"elementor elementor-1262\" data-elementor-post-type=\"page\">\n\t\t\t\t\t\t<div class=\"elementor-section elementor-top-section elementor-element elementor-element-636e600 bdt-particles-yes elementor-section-boxed elementor-section-height-default elementor-section-height-default\" data-id=\"636e600\" data-element_type=\"section\" data-settings=\"{&quot;background_background&quot;:&quot;gradient&quot;,&quot;section_particles_on&quot;:&quot;yes&quot;,&quot;section_particles_js&quot;:&quot;{\\n  \\&quot;particles\\&quot;: {\\n    \\&quot;number\\&quot;: {\\n      \\&quot;value\\&quot;: 71,\\n      \\&quot;density\\&quot;: {\\n        \\&quot;enable\\&quot;: true,\\n        \\&quot;value_area\\&quot;: 800\\n      }\\n    },\\n    \\&quot;color\\&quot;: {\\n      \\&quot;value\\&quot;: \\&quot;#ffffff\\&quot;\\n    },\\n    \\&quot;shape\\&quot;: {\\n      \\&quot;type\\&quot;: \\&quot;circle\\&quot;,\\n      \\&quot;stroke\\&quot;: {\\n        \\&quot;width\\&quot;: 0,\\n        \\&quot;color\\&quot;: \\&quot;#000000\\&quot;\\n      },\\n      \\&quot;polygon\\&quot;: {\\n        \\&quot;nb_sides\\&quot;: 5\\n      },\\n      \\&quot;image\\&quot;: {\\n        \\&quot;src\\&quot;: \\&quot;img\\\/github.svg\\&quot;,\\n        \\&quot;width\\&quot;: 100,\\n        \\&quot;height\\&quot;: 100\\n      }\\n    },\\n    \\&quot;opacity\\&quot;: {\\n      \\&quot;value\\&quot;: 0.1815039575754227,\\n      \\&quot;random\\&quot;: true,\\n      \\&quot;anim\\&quot;: {\\n        \\&quot;enable\\&quot;: true,\\n        \\&quot;speed\\&quot;: 1,\\n        \\&quot;opacity_min\\&quot;: 0,\\n        \\&quot;sync\\&quot;: false\\n      }\\n    },\\n    \\&quot;size\\&quot;: {\\n      \\&quot;value\\&quot;: 3,\\n      \\&quot;random\\&quot;: true,\\n      \\&quot;anim\\&quot;: {\\n        \\&quot;enable\\&quot;: false,\\n        \\&quot;speed\\&quot;: 4,\\n        \\&quot;size_min\\&quot;: 0.3,\\n        \\&quot;sync\\&quot;: false\\n      }\\n    },\\n    \\&quot;line_linked\\&quot;: {\\n      \\&quot;enable\\&quot;: false,\\n      \\&quot;distance\\&quot;: 150,\\n      \\&quot;color\\&quot;: \\&quot;#ffffff\\&quot;,\\n      \\&quot;opacity\\&quot;: 0.4,\\n      \\&quot;width\\&quot;: 1\\n    },\\n    \\&quot;move\\&quot;: {\\n      \\&quot;enable\\&quot;: true,\\n      \\&quot;speed\\&quot;: 1,\\n      \\&quot;direction\\&quot;: \\&quot;none\\&quot;,\\n      \\&quot;random\\&quot;: true,\\n      \\&quot;straight\\&quot;: false,\\n      \\&quot;out_mode\\&quot;: \\&quot;out\\&quot;,\\n      \\&quot;bounce\\&quot;: false,\\n      \\&quot;attract\\&quot;: {\\n        \\&quot;enable\\&quot;: false,\\n        \\&quot;rotateX\\&quot;: 600,\\n        \\&quot;rotateY\\&quot;: 600\\n      }\\n    }\\n  },\\n  \\&quot;interactivity\\&quot;: {\\n    \\&quot;detect_on\\&quot;: \\&quot;canvas\\&quot;,\\n    \\&quot;events\\&quot;: {\\n      \\&quot;onhover\\&quot;: {\\n        \\&quot;enable\\&quot;: true,\\n        \\&quot;mode\\&quot;: \\&quot;bubble\\&quot;\\n      },\\n      \\&quot;onclick\\&quot;: {\\n        \\&quot;enable\\&quot;: true,\\n        \\&quot;mode\\&quot;: \\&quot;repulse\\&quot;\\n      },\\n      \\&quot;resize\\&quot;: true\\n    },\\n    \\&quot;modes\\&quot;: {\\n      \\&quot;grab\\&quot;: {\\n        \\&quot;distance\\&quot;: 400,\\n        \\&quot;line_linked\\&quot;: {\\n          \\&quot;opacity\\&quot;: 1\\n        }\\n      },\\n      \\&quot;bubble\\&quot;: {\\n        \\&quot;distance\\&quot;: 250,\\n        \\&quot;size\\&quot;: 0,\\n        \\&quot;duration\\&quot;: 2,\\n        \\&quot;opacity\\&quot;: 0,\\n        \\&quot;speed\\&quot;: 3\\n      },\\n      \\&quot;repulse\\&quot;: {\\n        \\&quot;distance\\&quot;: 400,\\n        \\&quot;duration\\&quot;: 0.4\\n      },\\n      \\&quot;push\\&quot;: {\\n        \\&quot;particles_nb\\&quot;: 4\\n      },\\n      \\&quot;remove\\&quot;: {\\n        \\&quot;particles_nb\\&quot;: 2\\n      }\\n    }\\n  },\\n  \\&quot;retina_detect\\&quot;: true\\n}&quot;}\">\n\t\t\t\t\t\t<div class=\"elementor-container elementor-column-gap-default\">\n\t\t\t\t\t<div class=\"elementor-column elementor-col-100 elementor-top-column elementor-element elementor-element-62c1618\" data-id=\"62c1618\" data-element_type=\"column\">\n\t\t\t<div class=\"elementor-widget-wrap elementor-element-populated\">\n\t\t\t\t\t\t<div class=\"elementor-element elementor-element-dedfb7b elementor-invisible elementor-widget elementor-widget-heading\" data-id=\"dedfb7b\" data-element_type=\"widget\" data-settings=\"{&quot;_animation&quot;:&quot;fadeInUp&quot;}\" data-widget_type=\"heading.default\">\n\t\t\t\t<div class=\"elementor-widget-container\">\n\t\t\t<h1 class=\"elementor-heading-title elementor-size-default\">Instruments juridiques <\/h1>\t\t<\/div>\n\t\t\t\t<\/div>\n\t\t\t\t<div class=\"elementor-element elementor-element-1cdd2ab elementor-invisible elementor-widget elementor-widget-text-editor\" data-id=\"1cdd2ab\" data-element_type=\"widget\" data-settings=\"{&quot;_animation&quot;:&quot;fadeInUp&quot;,&quot;_animation_delay&quot;:200}\" data-widget_type=\"text-editor.default\">\n\t\t\t\t<div class=\"elementor-widget-container\">\n\t\t\t\t\t\t\tChez Caruso Capital, nous accordons une grande importance \u00e0 la transparence et nous nous effor\u00e7ons de veiller \u00e0 ce que chaque client soit bien inform\u00e9 de ses droits et de ses obligations. Dans notre section documents juridiques, vous trouverez tous les conditions n\u00e9cessaires r\u00e9gissant nos activit\u00e9s. Ces documents d\u00e9taillent les conditions de service, les exigences des clients et les mesures visant \u00e0 garantir la s\u00e9curit\u00e9 de vos fonds. Nous vous recommandons vivement de vous familiariser avec eux afin que vous puissiez n\u00e9gocier en toute confiance et comprendre tous les aspects juridiques de vos relations avec nous.  \t\t\t\t\t\t<\/div>\n\t\t\t\t<\/div>\n\t\t\t\t\t<\/div>\n\t\t<\/div>\n\t\t\t\t\t<\/div>\n\t\t<\/div>\n\t\t\t\t<section class=\"elementor-section elementor-top-section elementor-element elementor-element-b679a98 elementor-section-boxed elementor-section-height-default elementor-section-height-default\" data-id=\"b679a98\" data-element_type=\"section\" data-settings=\"{&quot;background_background&quot;:&quot;classic&quot;}\">\n\t\t\t\t\t\t\t<div class=\"elementor-background-overlay\"><\/div>\n\t\t\t\t\t\t\t<div class=\"elementor-container elementor-column-gap-default\">\n\t\t\t\t\t<div class=\"elementor-column elementor-col-33 elementor-top-column elementor-element elementor-element-26e9588\" data-id=\"26e9588\" data-element_type=\"column\">\n\t\t\t<div class=\"elementor-widget-wrap elementor-element-populated\">\n\t\t\t\t\t\t<div class=\"elementor-element elementor-element-1aff931 elementor-widget__width-inherit elementor-widget-mobile__width-inherit elementor-widget-tablet__width-initial elementor-icon-list--layout-traditional elementor-list-item-link-full_width elementor-widget elementor-widget-icon-list\" data-id=\"1aff931\" data-element_type=\"widget\" data-widget_type=\"icon-list.default\">\n\t\t\t\t<div class=\"elementor-widget-container\">\n\t\t\t\t\t<ul class=\"elementor-icon-list-items\">\n\t\t\t\t\t\t\t<li class=\"elementor-icon-list-item\">\n\t\t\t\t\t\t\t\t\t\t\t<a href=\"\/Trading_policy.pdf\">\n\n\t\t\t\t\t\t\t\t\t\t\t\t<span class=\"elementor-icon-list-icon\">\n\t\t\t\t\t\t\t<i aria-hidden=\"true\" class=\"ti ti-file\"><\/i>\t\t\t\t\t\t<\/span>\n\t\t\t\t\t\t\t\t\t\t<span class=\"elementor-icon-list-text\">Politique commerciale<\/span>\n\t\t\t\t\t\t\t\t\t\t\t<\/a>\n\t\t\t\t\t\t\t\t\t<\/li>\n\t\t\t\t\t\t\t\t<li class=\"elementor-icon-list-item\">\n\t\t\t\t\t\t\t\t\t\t\t<a href=\"\/KYC.pdf\">\n\n\t\t\t\t\t\t\t\t\t\t\t\t<span class=\"elementor-icon-list-icon\">\n\t\t\t\t\t\t\t<i aria-hidden=\"true\" class=\"ti ti-file\"><\/i>\t\t\t\t\t\t<\/span>\n\t\t\t\t\t\t\t\t\t\t<span class=\"elementor-icon-list-text\">Connaissez votre client<\/span>\n\t\t\t\t\t\t\t\t\t\t\t<\/a>\n\t\t\t\t\t\t\t\t\t<\/li>\n\t\t\t\t\t\t\t\t<li class=\"elementor-icon-list-item\">\n\t\t\t\t\t\t\t\t\t\t\t<a href=\"\/AML.pdf\">\n\n\t\t\t\t\t\t\t\t\t\t\t\t<span class=\"elementor-icon-list-icon\">\n\t\t\t\t\t\t\t<i aria-hidden=\"true\" class=\"ti ti-file\"><\/i>\t\t\t\t\t\t<\/span>\n\t\t\t\t\t\t\t\t\t\t<span class=\"elementor-icon-list-text\">Lutte contre le blanchiment d'argent<\/span>\n\t\t\t\t\t\t\t\t\t\t\t<\/a>\n\t\t\t\t\t\t\t\t\t<\/li>\n\t\t\t\t\t\t<\/ul>\n\t\t\t\t<\/div>\n\t\t\t\t<\/div>\n\t\t\t\t\t<\/div>\n\t\t<\/div>\n\t\t\t\t<div class=\"elementor-column elementor-col-33 elementor-top-column elementor-element elementor-element-bd6d490\" data-id=\"bd6d490\" data-element_type=\"column\">\n\t\t\t<div class=\"elementor-widget-wrap elementor-element-populated\">\n\t\t\t\t\t\t<div class=\"elementor-element elementor-element-af5a2a1 elementor-widget__width-inherit elementor-widget-mobile__width-inherit elementor-widget-tablet__width-initial elementor-icon-list--layout-traditional elementor-list-item-link-full_width elementor-widget elementor-widget-icon-list\" data-id=\"af5a2a1\" data-element_type=\"widget\" data-widget_type=\"icon-list.default\">\n\t\t\t\t<div class=\"elementor-widget-container\">\n\t\t\t\t\t<ul class=\"elementor-icon-list-items\">\n\t\t\t\t\t\t\t<li class=\"elementor-icon-list-item\">\n\t\t\t\t\t\t\t\t\t\t\t<a href=\"\/Risk_Disclosure.pdf\">\n\n\t\t\t\t\t\t\t\t\t\t\t\t<span class=\"elementor-icon-list-icon\">\n\t\t\t\t\t\t\t<i aria-hidden=\"true\" class=\"ti ti-file\"><\/i>\t\t\t\t\t\t<\/span>\n\t\t\t\t\t\t\t\t\t\t<span class=\"elementor-icon-list-text\">Divulgation des risques<\/span>\n\t\t\t\t\t\t\t\t\t\t\t<\/a>\n\t\t\t\t\t\t\t\t\t<\/li>\n\t\t\t\t\t\t\t\t<li class=\"elementor-icon-list-item\">\n\t\t\t\t\t\t\t\t\t\t\t<a href=\"\/Deposit_Withdrawal.pdf\">\n\n\t\t\t\t\t\t\t\t\t\t\t\t<span class=\"elementor-icon-list-icon\">\n\t\t\t\t\t\t\t<i aria-hidden=\"true\" class=\"ti ti-file\"><\/i>\t\t\t\t\t\t<\/span>\n\t\t\t\t\t\t\t\t\t\t<span class=\"elementor-icon-list-text\">D\u00e9p\u00f4t et retrait de fonds<\/span>\n\t\t\t\t\t\t\t\t\t\t\t<\/a>\n\t\t\t\t\t\t\t\t\t<\/li>\n\t\t\t\t\t\t\t\t<li class=\"elementor-icon-list-item\">\n\t\t\t\t\t\t\t\t\t\t\t<a href=\"\/Privacy_Policy.pdf\">\n\n\t\t\t\t\t\t\t\t\t\t\t\t<span class=\"elementor-icon-list-icon\">\n\t\t\t\t\t\t\t<i aria-hidden=\"true\" class=\"ti ti-file\"><\/i>\t\t\t\t\t\t<\/span>\n\t\t\t\t\t\t\t\t\t\t<span class=\"elementor-icon-list-text\">Politique de confidentialit\u00e9<\/span>\n\t\t\t\t\t\t\t\t\t\t\t<\/a>\n\t\t\t\t\t\t\t\t\t<\/li>\n\t\t\t\t\t\t<\/ul>\n\t\t\t\t<\/div>\n\t\t\t\t<\/div>\n\t\t\t\t\t<\/div>\n\t\t<\/div>\n\t\t\t\t<div class=\"elementor-column elementor-col-33 elementor-top-column elementor-element elementor-element-788cd8d\" data-id=\"788cd8d\" data-element_type=\"column\">\n\t\t\t<div class=\"elementor-widget-wrap elementor-element-populated\">\n\t\t\t\t\t\t<div class=\"elementor-element elementor-element-789e1f5 elementor-widget__width-inherit elementor-widget-mobile__width-inherit elementor-widget-tablet__width-initial elementor-icon-list--layout-traditional elementor-list-item-link-full_width elementor-widget elementor-widget-icon-list\" data-id=\"789e1f5\" data-element_type=\"widget\" data-widget_type=\"icon-list.default\">\n\t\t\t\t<div class=\"elementor-widget-container\">\n\t\t\t\t\t<ul class=\"elementor-icon-list-items\">\n\t\t\t\t\t\t\t<li class=\"elementor-icon-list-item\">\n\t\t\t\t\t\t\t\t\t\t\t<a href=\"\/Terms_and_Conditions.pdf\">\n\n\t\t\t\t\t\t\t\t\t\t\t\t<span class=\"elementor-icon-list-icon\">\n\t\t\t\t\t\t\t<i aria-hidden=\"true\" class=\"ti ti-file\"><\/i>\t\t\t\t\t\t<\/span>\n\t\t\t\t\t\t\t\t\t\t<span class=\"elementor-icon-list-text\">Conditions g\u00e9n\u00e9rales<\/span>\n\t\t\t\t\t\t\t\t\t\t\t<\/a>\n\t\t\t\t\t\t\t\t\t<\/li>\n\t\t\t\t\t\t\t\t<li class=\"elementor-icon-list-item\">\n\t\t\t\t\t\t\t\t\t\t\t<a href=\"\/Refund_Policy.pdf\">\n\n\t\t\t\t\t\t\t\t\t\t\t\t<span class=\"elementor-icon-list-icon\">\n\t\t\t\t\t\t\t<i aria-hidden=\"true\" class=\"ti ti-file\"><\/i>\t\t\t\t\t\t<\/span>\n\t\t\t\t\t\t\t\t\t\t<span class=\"elementor-icon-list-text\">Retours et remboursements de fonds<\/span>\n\t\t\t\t\t\t\t\t\t\t\t<\/a>\n\t\t\t\t\t\t\t\t\t<\/li>\n\t\t\t\t\t\t\t\t<li class=\"elementor-icon-list-item\">\n\t\t\t\t\t\t\t\t\t\t\t<a href=\"\/Cookies_Policy.pdf\">\n\n\t\t\t\t\t\t\t\t\t\t\t\t<span class=\"elementor-icon-list-icon\">\n\t\t\t\t\t\t\t<i aria-hidden=\"true\" class=\"ti ti-file\"><\/i>\t\t\t\t\t\t<\/span>\n\t\t\t\t\t\t\t\t\t\t<span class=\"elementor-icon-list-text\">Politique en mati\u00e8re de cookies<\/span>\n\t\t\t\t\t\t\t\t\t\t\t<\/a>\n\t\t\t\t\t\t\t\t\t<\/li>\n\t\t\t\t\t\t<\/ul>\n\t\t\t\t<\/div>\n\t\t\t\t<\/div>\n\t\t\t\t\t<\/div>\n\t\t<\/div>\n\t\t\t\t\t<\/div>\n\t\t<\/section>\n\t\t\t\t<\/div>\n\t\t","protected":false},"excerpt":{"rendered":"<p>Instruments juridiques Chez Caruso Capital, nous accordons une grande importance \u00e0 la transparence et nous nous effor\u00e7ons de veiller \u00e0 ce que [&hellip;]<\/p>\n","protected":false},"author":3,"featured_media":0,"parent":0,"menu_order":0,"comment_status":"closed","ping_status":"closed","template":"","meta":{"footnotes":""},"class_list":["post-1262","page","type-page","status-publish","hentry"],"_links":{"self":[{"href":"https:\/\/carusocapital.pro\/fr\/wp-json\/wp\/v2\/pages\/1262"}],"collection":[{"href":"https:\/\/carusocapital.pro\/fr\/wp-json\/wp\/v2\/pages"}],"about":[{"href":"https:\/\/carusocapital.pro\/fr\/wp-json\/wp\/v2\/types\/page"}],"author":[{"embeddable":true,"href":"https:\/\/carusocapital.pro\/fr\/wp-json\/wp\/v2\/users\/3"}],"replies":[{"embeddable":true,"href":"https:\/\/carusocapital.pro\/fr\/wp-json\/wp\/v2\/comments?post=1262"}],"version-history":[{"count":7,"href":"https:\/\/carusocapital.pro\/fr\/wp-json\/wp\/v2\/pages\/1262\/revisions"}],"predecessor-version":[{"id":1326,"href":"https:\/\/carusocapital.pro\/fr\/wp-json\/wp\/v2\/pages\/1262\/revisions\/1326"}],"wp:attachment":[{"href":"https:\/\/carusocapital.pro\/fr\/wp-json\/wp\/v2\/media?parent=1262"}],"curies":[{"name":"wp","href":"https:\/\/api.w.org\/{rel}","templated":true}]}}